{"id":76,"date":"2014-11-09T11:33:44","date_gmt":"2014-11-09T09:33:44","guid":{"rendered":"http:\/\/mizawob.de\/?page_id=76"},"modified":"2024-11-01T10:15:42","modified_gmt":"2024-11-01T09:15:42","slug":"fahrrad-links","status":"publish","type":"page","link":"https:\/\/mizawob.de\/?page_id=76","title":{"rendered":"Fahrrad links"},"content":{"rendered":"<p><a href=\"https:\/\/www.pd-f.de\/\" target=\"_blank\" rel=\"noopener\"><span style=\"font-family: arial,helvetica,sans-serif; font-size: 12pt;\">Pressedienst Fahrrad<\/span><\/a><br \/>\n<span style=\"font-family: arial,helvetica,sans-serif; font-size: 12pt;\"><a href=\"https:\/\/helmuts-fahrrad-seiten.de\/\" target=\"_blank\" rel=\"noopener noreferrer\">Helmuts Fahrrad Seiten<\/a><\/span><br \/>\n<span style=\"font-family: arial,helvetica,sans-serif; font-size: 12pt;\"><a href=\"https:\/\/www.fahrradmonteur.de\/Hauptseite\" target=\"_blank\" rel=\"noopener noreferrer\">Der Fahrradmonteur<\/a><\/span><br \/>\n<span style=\"font-family: arial,helvetica,sans-serif; font-size: 12pt;\"><a href=\"https:\/\/www.wikipedalia.com\/index.php?title=Hauptseite\" target=\"_blank\" rel=\"noopener noreferrer\">Fahrrad Enzyklop\u00e4die<\/a><\/span><br \/>\n<span style=\"font-family: arial,helvetica,sans-serif; font-size: 12pt;\"><a href=\"https:\/\/www.radforum.de\/\" target=\"_blank\" rel=\"noopener noreferrer\">Radforum.de<\/a><\/span><br \/>\n<span style=\"font-family: arial,helvetica,sans-serif; font-size: 12pt;\"><a href=\"http:\/\/www.radblog.org\/\" target=\"_blank\" rel=\"noopener noreferrer\">Der Radblog<\/a><\/span><br \/>\n<span style=\"font-family: arial,helvetica,sans-serif; font-size: 12pt;\"><a title=\"Fahrradbeleuchtung\" href=\"http:\/\/fahrradbeleuchtung-info.de\/\" target=\"_blank\" rel=\"noopener noreferrer\">Infos \u00fcber Fahrradbeleuchtung<\/a><\/span><br \/>\n<span style=\"font-family: arial,helvetica,sans-serif; font-size: 12pt;\"><a href=\"http:\/\/fahrradcomputer-info.de\/\" target=\"_blank\" rel=\"noopener noreferrer\">Alles \u00fcber Fahrradcomputer<\/a><a href=\"https:\/\/jochensbikeblog.wordpress.com\/\" target=\"_blank\" rel=\"noopener noreferrer\"><br \/>\nJochens Bike Blog<br \/>\n<\/a><a href=\"https:\/\/gpsradler.de\/\" target=\"_blank\" rel=\"noopener noreferrer\">GPS Radler<\/a><a href=\"http:\/\/jochensbikeblog.wordpress.com\/\" target=\"_blank\" rel=\"noopener noreferrer\"><br \/>\n<\/a><\/span><span style=\"font-size: 12pt;\"><span style=\"font-family: arial, helvetica, sans-serif;\"><a href=\"http:\/\/www.elm-freizeit.de\/\" target=\"_blank\" rel=\"noopener noreferrer\">Elm-Freizeit<\/a><\/span><br \/>\n<a href=\"http:\/\/www.fahrradmagazin.net\/\" target=\"_blank\" rel=\"noopener noreferrer\"><span style=\"font-family: arial, helvetica, sans-serif;\">Fahrradmagazin<\/span><br \/>\n<\/a><a href=\"http:\/\/www.2rad.nrw\/\" target=\"_blank\" rel=\"noopener noreferrer\"><span style=\"font-family: arial, helvetica, sans-serif;\">Zweiradkultur mit &amp; ohne Motor<\/span><\/a><br \/>\n<a href=\"https:\/\/www.ebike-doktor.de\" target=\"_blank\" rel=\"noopener\">eBiKE- DOKTOR<\/a><\/span><br \/>\n<span style=\"font-family: arial, helvetica, sans-serif;\"><a href=\"https:\/\/fahrrad-sassenburg.jimdofree.com\/\" target=\"_blank\" rel=\"noopener\"><span style=\"font-size: 12pt;\">Themenrouten in Sassenburg<\/span><\/a><\/span><br \/>\n<a href=\"http:\/\/www.outdoor-reiseberichte.info\/\" target=\"_blank\" rel=\"noopener\"><span style=\"font-size: 12pt;\"><span style=\"font-family: arial, helvetica, sans-serif;\">Outdoor Reiseberichte<\/span><\/span><\/a><br \/>\n<a href=\"https:\/\/www.fahrrad-tour.de\/index.php\" target=\"_blank\" rel=\"noopener\"><span style=\"font-size: 12pt;\">Kostenlose Radwegbeschreibungen<\/span><\/a><br \/>\n<a href=\"https:\/\/www.schoene-radwege.de\/\" target=\"_blank\" rel=\"noopener\"><span style=\"font-size: 12pt;\">Fahrradtouren in Deutschland<\/span><\/a><br \/>\n<a href=\"https:\/\/www.fahrrad-abenteuer-reisen.de\/\" target=\"_blank\" rel=\"noopener\"><span style=\"font-size: 12pt;\">Fahrrad- Abenteuer- Radreisen<\/span><\/a><\/p>\n<p>&nbsp;<\/p>\n<p>&nbsp;<\/p>\n<p>&nbsp;<\/p>\n<p>&nbsp;<\/p>\n<p>&nbsp;<\/p>\n<p>&nbsp;<\/p>\n<p>&nbsp;<\/p>\n<p>&nbsp;<\/p>\n<p>&nbsp;<\/p>\n","protected":false},"excerpt":{"rendered":"<p>Pressedienst Fahrrad Helmuts Fahrrad Seiten Der Fahrradmonteur Fahrrad Enzyklop\u00e4die Radforum.de Der Radblog Infos \u00fcber Fahrradbeleuchtung Alles \u00fcber Fahrradcomputer Jochens Bike Blog GPS Radler Elm-Freizeit Fahrradmagazin Zweiradkultur mit &amp; ohne Motor eBiKE- DOKTOR Themenrouten in Sassenburg Outdoor Reiseberichte Kostenlose Radwegbeschreibungen Fahrradtouren in Deutschland Fahrrad- Abenteuer- Radreisen &nbsp; &nbsp; &nbsp; &nbsp; &nbsp; &nbsp; &nbsp; &nbsp; &nbsp;<\/p>\n","protected":false},"author":1,"featured_media":0,"parent":74,"menu_order":6,"comment_status":"closed","ping_status":"closed","template":"","meta":{"footnotes":""},"class_list":["post-76","page","type-page","status-publish","hentry"],"_links":{"self":[{"href":"https:\/\/mizawob.de\/index.php?rest_route=\/wp\/v2\/pages\/76","targetHints":{"allow":["GET"]}}],"collection":[{"href":"https:\/\/mizawob.de\/index.php?rest_route=\/wp\/v2\/pages"}],"about":[{"href":"https:\/\/mizawob.de\/index.php?rest_route=\/wp\/v2\/types\/page"}],"author":[{"embeddable":true,"href":"https:\/\/mizawob.de\/index.php?rest_route=\/wp\/v2\/users\/1"}],"replies":[{"embeddable":true,"href":"https:\/\/mizawob.de\/index.php?rest_route=%2Fwp%2Fv2%2Fcomments&post=76"}],"version-history":[{"count":42,"href":"https:\/\/mizawob.de\/index.php?rest_route=\/wp\/v2\/pages\/76\/revisions"}],"predecessor-version":[{"id":2777,"href":"https:\/\/mizawob.de\/index.php?rest_route=\/wp\/v2\/pages\/76\/revisions\/2777"}],"up":[{"embeddable":true,"href":"https:\/\/mizawob.de\/index.php?rest_route=\/wp\/v2\/pages\/74"}],"wp:attachment":[{"href":"https:\/\/mizawob.de\/index.php?rest_route=%2Fwp%2Fv2%2Fmedia&parent=76"}],"curies":[{"name":"wp","href":"https:\/\/api.w.org\/{rel}","templated":true}]}}